{"id":25693,"date":"2025-11-07T15:17:22","date_gmt":"2025-11-07T14:17:22","guid":{"rendered":"https:\/\/grapil.pl\/?post_type=product&#038;p=25693"},"modified":"2026-02-17T13:29:10","modified_gmt":"2026-02-17T12:29:10","slug":"kamizelka-meska-granatowa","status":"publish","type":"product","link":"https:\/\/grapil.pl\/en\/product\/kamizelka-meska-granatowa\/","title":{"rendered":"Kamizelka m\u0119ska granatowa"},"content":{"rendered":"","protected":false},"excerpt":{"rendered":"","protected":false},"featured_media":25694,"template":"","meta":[],"product_brand":[],"product_cat":[83,148,82,158,213],"product_tag":[],"class_list":{"0":"post-25693","1":"product","2":"type-product","3":"status-publish","4":"has-post-thumbnail","6":"product_cat-branza-kelnerska","7":"product_cat-profesjonalne-kamizelki-gastronomiczne","8":"product_cat-hotelarstwo","9":"product_cat-kamizelki-hotelarska","10":"product_cat-kamizelki-meskie","12":"first","13":"instock","14":"taxable","15":"shipping-taxable","16":"product-type-simple"},"yoast_head":"<!-- This site is optimized with the Yoast SEO plugin v25.3 - https:\/\/yoast.com\/wordpress\/plugins\/seo\/ -->\n<title>Kamizelka m\u0119ska granatowa - Grapil.pl \u2013 Profesjonalna Odzie\u017c S\u0142u\u017cbowa dla Bran\u017cy Kelnerskiej, HoReCa i Medycyny<\/title>\n<meta name=\"robots\" content=\"index, follow, max-snippet:-1, max-image-preview:large, max-video-preview:-1\" \/>\n<link rel=\"canonical\" href=\"https:\/\/grapil.pl\/en\/product\/kamizelka-meska-granatowa\/\" \/>\n<meta property=\"og:locale\" content=\"en_GB\" \/>\n<meta property=\"og:type\" content=\"article\" \/>\n<meta property=\"og:title\" content=\"Kamizelka m\u0119ska granatowa - Grapil.pl \u2013 Profesjonalna Odzie\u017c S\u0142u\u017cbowa dla Bran\u017cy Kelnerskiej, HoReCa i Medycyny\" \/>\n<meta property=\"og:url\" content=\"https:\/\/grapil.pl\/en\/product\/kamizelka-meska-granatowa\/\" \/>\n<meta property=\"og:site_name\" content=\"Grapil.pl \u2013 Profesjonalna Odzie\u017c S\u0142u\u017cbowa dla Bran\u017cy Kelnerskiej, HoReCa i Medycyny\" \/>\n<meta property=\"article:modified_time\" content=\"2026-02-17T12:29:10+00:00\" \/>\n<meta property=\"og:image\" content=\"https:\/\/grapil.pl\/wp-content\/uploads\/2025\/11\/Kamizelka-meska-przod-granat.jpg\" \/>\n\t<meta property=\"og:image:width\" content=\"600\" \/>\n\t<meta property=\"og:image:height\" content=\"799\" \/>\n\t<meta property=\"og:image:type\" content=\"image\/jpeg\" \/>\n<meta name=\"twitter:card\" content=\"summary_large_image\" \/>\n<meta name=\"twitter:label1\" content=\"Estimated reading time\" \/>\n\t<meta name=\"twitter:data1\" content=\"1 minute\" \/>\n<script type=\"application\/ld+json\" class=\"yoast-schema-graph\">{\"@context\":\"https:\/\/schema.org\",\"@graph\":[{\"@type\":\"WebPage\",\"@id\":\"https:\/\/grapil.pl\/produkt\/kamizelka-meska-granatowa\/\",\"url\":\"https:\/\/grapil.pl\/produkt\/kamizelka-meska-granatowa\/\",\"name\":\"Kamizelka m\u0119ska granatowa - Grapil.pl \u2013 Profesjonalna Odzie\u017c S\u0142u\u017cbowa dla Bran\u017cy Kelnerskiej, HoReCa i Medycyny\",\"isPartOf\":{\"@id\":\"https:\/\/grapil.pl\/#website\"},\"primaryImageOfPage\":{\"@id\":\"https:\/\/grapil.pl\/produkt\/kamizelka-meska-granatowa\/#primaryimage\"},\"image\":{\"@id\":\"https:\/\/grapil.pl\/produkt\/kamizelka-meska-granatowa\/#primaryimage\"},\"thumbnailUrl\":\"https:\/\/grapil.pl\/wp-content\/uploads\/2025\/11\/Kamizelka-meska-przod-granat.jpg\",\"datePublished\":\"2025-11-07T14:17:22+00:00\",\"dateModified\":\"2026-02-17T12:29:10+00:00\",\"breadcrumb\":{\"@id\":\"https:\/\/grapil.pl\/produkt\/kamizelka-meska-granatowa\/#breadcrumb\"},\"inLanguage\":\"en-GB\",\"potentialAction\":[{\"@type\":\"ReadAction\",\"target\":[\"https:\/\/grapil.pl\/produkt\/kamizelka-meska-granatowa\/\"]}]},{\"@type\":\"ImageObject\",\"inLanguage\":\"en-GB\",\"@id\":\"https:\/\/grapil.pl\/produkt\/kamizelka-meska-granatowa\/#primaryimage\",\"url\":\"https:\/\/grapil.pl\/wp-content\/uploads\/2025\/11\/Kamizelka-meska-przod-granat.jpg\",\"contentUrl\":\"https:\/\/grapil.pl\/wp-content\/uploads\/2025\/11\/Kamizelka-meska-przod-granat.jpg\",\"width\":600,\"height\":799},{\"@type\":\"BreadcrumbList\",\"@id\":\"https:\/\/grapil.pl\/produkt\/kamizelka-meska-granatowa\/#breadcrumb\",\"itemListElement\":[{\"@type\":\"ListItem\",\"position\":1,\"name\":\"Strona g\u0142\u00f3wna\",\"item\":\"https:\/\/grapil.pl\/\"},{\"@type\":\"ListItem\",\"position\":2,\"name\":\"sklep\",\"item\":\"https:\/\/grapil.pl\/sklep\/\"},{\"@type\":\"ListItem\",\"position\":3,\"name\":\"Kamizelka m\u0119ska granatowa\"}]},{\"@type\":\"WebSite\",\"@id\":\"https:\/\/grapil.pl\/#website\",\"url\":\"https:\/\/grapil.pl\/\",\"name\":\"Grapil.pl \u2013 Profesjonalna Odzie\u017c S\u0142u\u017cbowa dla Bran\u017cy Kelnerskiej, HoReCa i Medycyny\",\"description\":\"\",\"potentialAction\":[{\"@type\":\"SearchAction\",\"target\":{\"@type\":\"EntryPoint\",\"urlTemplate\":\"https:\/\/grapil.pl\/?s={search_term_string}\"},\"query-input\":{\"@type\":\"PropertyValueSpecification\",\"valueRequired\":true,\"valueName\":\"search_term_string\"}}],\"inLanguage\":\"en-GB\"}]}<\/script>\n<!-- \/ Yoast SEO plugin. -->","yoast_head_json":{"title":"Kamizelka m\u0119ska granatowa - Grapil.pl \u2013 Profesjonalna Odzie\u017c S\u0142u\u017cbowa dla Bran\u017cy Kelnerskiej, HoReCa i Medycyny","robots":{"index":"index","follow":"follow","max-snippet":"max-snippet:-1","max-image-preview":"max-image-preview:large","max-video-preview":"max-video-preview:-1"},"canonical":"https:\/\/grapil.pl\/en\/product\/kamizelka-meska-granatowa\/","og_locale":"en_GB","og_type":"article","og_title":"Kamizelka m\u0119ska granatowa - Grapil.pl \u2013 Profesjonalna Odzie\u017c S\u0142u\u017cbowa dla Bran\u017cy Kelnerskiej, HoReCa i Medycyny","og_url":"https:\/\/grapil.pl\/en\/product\/kamizelka-meska-granatowa\/","og_site_name":"Grapil.pl \u2013 Profesjonalna Odzie\u017c S\u0142u\u017cbowa dla Bran\u017cy Kelnerskiej, HoReCa i Medycyny","article_modified_time":"2026-02-17T12:29:10+00:00","og_image":[{"width":600,"height":799,"url":"https:\/\/grapil.pl\/wp-content\/uploads\/2025\/11\/Kamizelka-meska-przod-granat.jpg","type":"image\/jpeg"}],"twitter_card":"summary_large_image","twitter_misc":{"Estimated reading time":"1 minute"},"schema":{"@context":"https:\/\/schema.org","@graph":[{"@type":"WebPage","@id":"https:\/\/grapil.pl\/produkt\/kamizelka-meska-granatowa\/","url":"https:\/\/grapil.pl\/produkt\/kamizelka-meska-granatowa\/","name":"Kamizelka m\u0119ska granatowa - Grapil.pl \u2013 Profesjonalna Odzie\u017c S\u0142u\u017cbowa dla Bran\u017cy Kelnerskiej, HoReCa i Medycyny","isPartOf":{"@id":"https:\/\/grapil.pl\/#website"},"primaryImageOfPage":{"@id":"https:\/\/grapil.pl\/produkt\/kamizelka-meska-granatowa\/#primaryimage"},"image":{"@id":"https:\/\/grapil.pl\/produkt\/kamizelka-meska-granatowa\/#primaryimage"},"thumbnailUrl":"https:\/\/grapil.pl\/wp-content\/uploads\/2025\/11\/Kamizelka-meska-przod-granat.jpg","datePublished":"2025-11-07T14:17:22+00:00","dateModified":"2026-02-17T12:29:10+00:00","breadcrumb":{"@id":"https:\/\/grapil.pl\/produkt\/kamizelka-meska-granatowa\/#breadcrumb"},"inLanguage":"en-GB","potentialAction":[{"@type":"ReadAction","target":["https:\/\/grapil.pl\/produkt\/kamizelka-meska-granatowa\/"]}]},{"@type":"ImageObject","inLanguage":"en-GB","@id":"https:\/\/grapil.pl\/produkt\/kamizelka-meska-granatowa\/#primaryimage","url":"https:\/\/grapil.pl\/wp-content\/uploads\/2025\/11\/Kamizelka-meska-przod-granat.jpg","contentUrl":"https:\/\/grapil.pl\/wp-content\/uploads\/2025\/11\/Kamizelka-meska-przod-granat.jpg","width":600,"height":799},{"@type":"BreadcrumbList","@id":"https:\/\/grapil.pl\/produkt\/kamizelka-meska-granatowa\/#breadcrumb","itemListElement":[{"@type":"ListItem","position":1,"name":"Strona g\u0142\u00f3wna","item":"https:\/\/grapil.pl\/"},{"@type":"ListItem","position":2,"name":"sklep","item":"https:\/\/grapil.pl\/sklep\/"},{"@type":"ListItem","position":3,"name":"Kamizelka m\u0119ska granatowa"}]},{"@type":"WebSite","@id":"https:\/\/grapil.pl\/#website","url":"https:\/\/grapil.pl\/","name":"Grapil.pl \u2013 Profesjonalna Odzie\u017c S\u0142u\u017cbowa dla Bran\u017cy Kelnerskiej, HoReCa i Medycyny","description":"","potentialAction":[{"@type":"SearchAction","target":{"@type":"EntryPoint","urlTemplate":"https:\/\/grapil.pl\/?s={search_term_string}"},"query-input":{"@type":"PropertyValueSpecification","valueRequired":true,"valueName":"search_term_string"}}],"inLanguage":"en-GB"}]}},"_links":{"self":[{"href":"https:\/\/grapil.pl\/en\/wp-json\/wp\/v2\/product\/25693","targetHints":{"allow":["GET"]}}],"collection":[{"href":"https:\/\/grapil.pl\/en\/wp-json\/wp\/v2\/product"}],"about":[{"href":"https:\/\/grapil.pl\/en\/wp-json\/wp\/v2\/types\/product"}],"version-history":[{"count":1,"href":"https:\/\/grapil.pl\/en\/wp-json\/wp\/v2\/product\/25693\/revisions"}],"predecessor-version":[{"id":25696,"href":"https:\/\/grapil.pl\/en\/wp-json\/wp\/v2\/product\/25693\/revisions\/25696"}],"wp:featuredmedia":[{"embeddable":true,"href":"https:\/\/grapil.pl\/en\/wp-json\/wp\/v2\/media\/25694"}],"wp:attachment":[{"href":"https:\/\/grapil.pl\/en\/wp-json\/wp\/v2\/media?parent=25693"}],"wp:term":[{"taxonomy":"product_brand","embeddable":true,"href":"https:\/\/grapil.pl\/en\/wp-json\/wp\/v2\/product_brand?post=25693"},{"taxonomy":"product_cat","embeddable":true,"href":"https:\/\/grapil.pl\/en\/wp-json\/wp\/v2\/product_cat?post=25693"},{"taxonomy":"product_tag","embeddable":true,"href":"https:\/\/grapil.pl\/en\/wp-json\/wp\/v2\/product_tag?post=25693"}],"curies":[{"name":"wp","href":"https:\/\/api.w.org\/{rel}","templated":true}]}}