{"id":25915,"date":"2026-01-09T13:25:27","date_gmt":"2026-01-09T12:25:27","guid":{"rendered":"https:\/\/grapil.pl\/?post_type=product&#038;p=25915"},"modified":"2026-02-17T13:38:35","modified_gmt":"2026-02-17T12:38:35","slug":"spodnie-unisex-na-gumie-czarne","status":"publish","type":"product","link":"https:\/\/grapil.pl\/en\/product\/spodnie-unisex-na-gumie-czarne\/","title":{"rendered":"Spodnie unisex na gumie czarne"},"content":{"rendered":"<p class=\"Textbody\">Spodnie unisex idealny model dla pa\u0144 i pan\u00f3w. W pasie ca\u0142e na gumie dodatkowo sznurek do idealnego dopasowania. Dzi\u0119ki zastosowanej tkaninie z domieszk\u0105 elastanu, spodnie bardzo dobrze si\u0119 dopasowuj\u0105 do sylwetki. Model posiada trzy kieszonki \u2013 dwie wpuszczane oraz jedna naszywana na lewej nodze np. na telefon. Nogawka prosta co bardzo dobrze pasuje do tego modelu.<\/p>\n<p class=\"Standard\">Zastosowana tkanina, mieszanka bawe\u0142ny z elastanem sprawia, i\u017c spodnie s\u0105 wygodne i bez problemu dopasowuj\u0105 si\u0119 do sylwetki co zwi\u0119ksza komfort pracy.<\/p>","protected":false},"excerpt":{"rendered":"<p>Spodnie unisex idealny model dla pa\u0144 i pan\u00f3w. W pasie ca\u0142e na gumie dodatkowo sznurek do idealnego dopasowania. Dzi\u0119ki zastosowanej<\/p>","protected":false},"featured_media":25916,"template":"","meta":[],"product_brand":[],"product_cat":[79,154,119,151,106,150],"product_tag":[],"class_list":{"0":"post-25915","1":"product","2":"type-product","3":"status-publish","4":"has-post-thumbnail","6":"product_cat-gastronomia","7":"product_cat-spodnie-kucharskie","8":"product_cat-housekeeping","9":"product_cat-sukienki-i-spodnice-housekeeping-i-uslugi-porzadkowe","10":"product_cat-medycyna-i-kosmetyka","11":"product_cat-spodnie-medyczna-i-kosmetyczna","13":"first","14":"instock","15":"taxable","16":"shipping-taxable","17":"product-type-simple"},"yoast_head":"<!-- This site is optimized with the Yoast SEO plugin v25.3 - https:\/\/yoast.com\/wordpress\/plugins\/seo\/ -->\n<title>Spodnie unisex na gumie czarne - Grapil.pl \u2013 Profesjonalna Odzie\u017c S\u0142u\u017cbowa dla Bran\u017cy Kelnerskiej, HoReCa i Medycyny<\/title>\n<meta name=\"robots\" content=\"index, follow, max-snippet:-1, max-image-preview:large, max-video-preview:-1\" \/>\n<link rel=\"canonical\" href=\"https:\/\/grapil.pl\/en\/product\/spodnie-unisex-na-gumie-czarne\/\" \/>\n<meta property=\"og:locale\" content=\"en_GB\" \/>\n<meta property=\"og:type\" content=\"article\" \/>\n<meta property=\"og:title\" content=\"Spodnie unisex na gumie czarne - Grapil.pl \u2013 Profesjonalna Odzie\u017c S\u0142u\u017cbowa dla Bran\u017cy Kelnerskiej, HoReCa i Medycyny\" \/>\n<meta property=\"og:description\" content=\"Spodnie unisex idealny model dla pa\u0144 i pan\u00f3w. W pasie ca\u0142e na gumie dodatkowo sznurek do idealnego dopasowania. Dzi\u0119ki zastosowanej\" \/>\n<meta property=\"og:url\" content=\"https:\/\/grapil.pl\/en\/product\/spodnie-unisex-na-gumie-czarne\/\" \/>\n<meta property=\"og:site_name\" content=\"Grapil.pl \u2013 Profesjonalna Odzie\u017c S\u0142u\u017cbowa dla Bran\u017cy Kelnerskiej, HoReCa i Medycyny\" \/>\n<meta property=\"article:modified_time\" content=\"2026-02-17T12:38:35+00:00\" \/>\n<meta property=\"og:image\" content=\"https:\/\/grapil.pl\/wp-content\/uploads\/2026\/01\/Spodnie-czarne-gotowe.jpg\" \/>\n\t<meta property=\"og:image:width\" content=\"600\" \/>\n\t<meta property=\"og:image:height\" content=\"800\" \/>\n\t<meta property=\"og:image:type\" content=\"image\/jpeg\" \/>\n<meta name=\"twitter:card\" content=\"summary_large_image\" \/>\n<meta name=\"twitter:label1\" content=\"Estimated reading time\" \/>\n\t<meta name=\"twitter:data1\" content=\"1 minute\" \/>\n<script type=\"application\/ld+json\" class=\"yoast-schema-graph\">{\"@context\":\"https:\/\/schema.org\",\"@graph\":[{\"@type\":\"WebPage\",\"@id\":\"https:\/\/grapil.pl\/produkt\/spodnie-unisex-na-gumie-czarne\/\",\"url\":\"https:\/\/grapil.pl\/produkt\/spodnie-unisex-na-gumie-czarne\/\",\"name\":\"Spodnie unisex na gumie czarne - Grapil.pl \u2013 Profesjonalna Odzie\u017c S\u0142u\u017cbowa dla Bran\u017cy Kelnerskiej, HoReCa i Medycyny\",\"isPartOf\":{\"@id\":\"https:\/\/grapil.pl\/#website\"},\"primaryImageOfPage\":{\"@id\":\"https:\/\/grapil.pl\/produkt\/spodnie-unisex-na-gumie-czarne\/#primaryimage\"},\"image\":{\"@id\":\"https:\/\/grapil.pl\/produkt\/spodnie-unisex-na-gumie-czarne\/#primaryimage\"},\"thumbnailUrl\":\"https:\/\/grapil.pl\/wp-content\/uploads\/2026\/01\/Spodnie-czarne-gotowe.jpg\",\"datePublished\":\"2026-01-09T12:25:27+00:00\",\"dateModified\":\"2026-02-17T12:38:35+00:00\",\"breadcrumb\":{\"@id\":\"https:\/\/grapil.pl\/produkt\/spodnie-unisex-na-gumie-czarne\/#breadcrumb\"},\"inLanguage\":\"en-GB\",\"potentialAction\":[{\"@type\":\"ReadAction\",\"target\":[\"https:\/\/grapil.pl\/produkt\/spodnie-unisex-na-gumie-czarne\/\"]}]},{\"@type\":\"ImageObject\",\"inLanguage\":\"en-GB\",\"@id\":\"https:\/\/grapil.pl\/produkt\/spodnie-unisex-na-gumie-czarne\/#primaryimage\",\"url\":\"https:\/\/grapil.pl\/wp-content\/uploads\/2026\/01\/Spodnie-czarne-gotowe.jpg\",\"contentUrl\":\"https:\/\/grapil.pl\/wp-content\/uploads\/2026\/01\/Spodnie-czarne-gotowe.jpg\",\"width\":600,\"height\":800},{\"@type\":\"BreadcrumbList\",\"@id\":\"https:\/\/grapil.pl\/produkt\/spodnie-unisex-na-gumie-czarne\/#breadcrumb\",\"itemListElement\":[{\"@type\":\"ListItem\",\"position\":1,\"name\":\"Strona g\u0142\u00f3wna\",\"item\":\"https:\/\/grapil.pl\/\"},{\"@type\":\"ListItem\",\"position\":2,\"name\":\"sklep\",\"item\":\"https:\/\/grapil.pl\/sklep\/\"},{\"@type\":\"ListItem\",\"position\":3,\"name\":\"Spodnie unisex na gumie czarne\"}]},{\"@type\":\"WebSite\",\"@id\":\"https:\/\/grapil.pl\/#website\",\"url\":\"https:\/\/grapil.pl\/\",\"name\":\"Grapil.pl \u2013 Profesjonalna Odzie\u017c S\u0142u\u017cbowa dla Bran\u017cy Kelnerskiej, HoReCa i Medycyny\",\"description\":\"\",\"potentialAction\":[{\"@type\":\"SearchAction\",\"target\":{\"@type\":\"EntryPoint\",\"urlTemplate\":\"https:\/\/grapil.pl\/?s={search_term_string}\"},\"query-input\":{\"@type\":\"PropertyValueSpecification\",\"valueRequired\":true,\"valueName\":\"search_term_string\"}}],\"inLanguage\":\"en-GB\"}]}<\/script>\n<!-- \/ Yoast SEO plugin. -->","yoast_head_json":{"title":"Spodnie unisex na gumie czarne - Grapil.pl \u2013 Profesjonalna Odzie\u017c S\u0142u\u017cbowa dla Bran\u017cy Kelnerskiej, HoReCa i Medycyny","robots":{"index":"index","follow":"follow","max-snippet":"max-snippet:-1","max-image-preview":"max-image-preview:large","max-video-preview":"max-video-preview:-1"},"canonical":"https:\/\/grapil.pl\/en\/product\/spodnie-unisex-na-gumie-czarne\/","og_locale":"en_GB","og_type":"article","og_title":"Spodnie unisex na gumie czarne - Grapil.pl \u2013 Profesjonalna Odzie\u017c S\u0142u\u017cbowa dla Bran\u017cy Kelnerskiej, HoReCa i Medycyny","og_description":"Spodnie unisex idealny model dla pa\u0144 i pan\u00f3w. W pasie ca\u0142e na gumie dodatkowo sznurek do idealnego dopasowania. Dzi\u0119ki zastosowanej","og_url":"https:\/\/grapil.pl\/en\/product\/spodnie-unisex-na-gumie-czarne\/","og_site_name":"Grapil.pl \u2013 Profesjonalna Odzie\u017c S\u0142u\u017cbowa dla Bran\u017cy Kelnerskiej, HoReCa i Medycyny","article_modified_time":"2026-02-17T12:38:35+00:00","og_image":[{"width":600,"height":800,"url":"https:\/\/grapil.pl\/wp-content\/uploads\/2026\/01\/Spodnie-czarne-gotowe.jpg","type":"image\/jpeg"}],"twitter_card":"summary_large_image","twitter_misc":{"Estimated reading time":"1 minute"},"schema":{"@context":"https:\/\/schema.org","@graph":[{"@type":"WebPage","@id":"https:\/\/grapil.pl\/produkt\/spodnie-unisex-na-gumie-czarne\/","url":"https:\/\/grapil.pl\/produkt\/spodnie-unisex-na-gumie-czarne\/","name":"Spodnie unisex na gumie czarne - Grapil.pl \u2013 Profesjonalna Odzie\u017c S\u0142u\u017cbowa dla Bran\u017cy Kelnerskiej, HoReCa i Medycyny","isPartOf":{"@id":"https:\/\/grapil.pl\/#website"},"primaryImageOfPage":{"@id":"https:\/\/grapil.pl\/produkt\/spodnie-unisex-na-gumie-czarne\/#primaryimage"},"image":{"@id":"https:\/\/grapil.pl\/produkt\/spodnie-unisex-na-gumie-czarne\/#primaryimage"},"thumbnailUrl":"https:\/\/grapil.pl\/wp-content\/uploads\/2026\/01\/Spodnie-czarne-gotowe.jpg","datePublished":"2026-01-09T12:25:27+00:00","dateModified":"2026-02-17T12:38:35+00:00","breadcrumb":{"@id":"https:\/\/grapil.pl\/produkt\/spodnie-unisex-na-gumie-czarne\/#breadcrumb"},"inLanguage":"en-GB","potentialAction":[{"@type":"ReadAction","target":["https:\/\/grapil.pl\/produkt\/spodnie-unisex-na-gumie-czarne\/"]}]},{"@type":"ImageObject","inLanguage":"en-GB","@id":"https:\/\/grapil.pl\/produkt\/spodnie-unisex-na-gumie-czarne\/#primaryimage","url":"https:\/\/grapil.pl\/wp-content\/uploads\/2026\/01\/Spodnie-czarne-gotowe.jpg","contentUrl":"https:\/\/grapil.pl\/wp-content\/uploads\/2026\/01\/Spodnie-czarne-gotowe.jpg","width":600,"height":800},{"@type":"BreadcrumbList","@id":"https:\/\/grapil.pl\/produkt\/spodnie-unisex-na-gumie-czarne\/#breadcrumb","itemListElement":[{"@type":"ListItem","position":1,"name":"Strona g\u0142\u00f3wna","item":"https:\/\/grapil.pl\/"},{"@type":"ListItem","position":2,"name":"sklep","item":"https:\/\/grapil.pl\/sklep\/"},{"@type":"ListItem","position":3,"name":"Spodnie unisex na gumie czarne"}]},{"@type":"WebSite","@id":"https:\/\/grapil.pl\/#website","url":"https:\/\/grapil.pl\/","name":"Grapil.pl \u2013 Profesjonalna Odzie\u017c S\u0142u\u017cbowa dla Bran\u017cy Kelnerskiej, HoReCa i Medycyny","description":"","potentialAction":[{"@type":"SearchAction","target":{"@type":"EntryPoint","urlTemplate":"https:\/\/grapil.pl\/?s={search_term_string}"},"query-input":{"@type":"PropertyValueSpecification","valueRequired":true,"valueName":"search_term_string"}}],"inLanguage":"en-GB"}]}},"_links":{"self":[{"href":"https:\/\/grapil.pl\/en\/wp-json\/wp\/v2\/product\/25915","targetHints":{"allow":["GET"]}}],"collection":[{"href":"https:\/\/grapil.pl\/en\/wp-json\/wp\/v2\/product"}],"about":[{"href":"https:\/\/grapil.pl\/en\/wp-json\/wp\/v2\/types\/product"}],"version-history":[{"count":2,"href":"https:\/\/grapil.pl\/en\/wp-json\/wp\/v2\/product\/25915\/revisions"}],"predecessor-version":[{"id":26241,"href":"https:\/\/grapil.pl\/en\/wp-json\/wp\/v2\/product\/25915\/revisions\/26241"}],"wp:featuredmedia":[{"embeddable":true,"href":"https:\/\/grapil.pl\/en\/wp-json\/wp\/v2\/media\/25916"}],"wp:attachment":[{"href":"https:\/\/grapil.pl\/en\/wp-json\/wp\/v2\/media?parent=25915"}],"wp:term":[{"taxonomy":"product_brand","embeddable":true,"href":"https:\/\/grapil.pl\/en\/wp-json\/wp\/v2\/product_brand?post=25915"},{"taxonomy":"product_cat","embeddable":true,"href":"https:\/\/grapil.pl\/en\/wp-json\/wp\/v2\/product_cat?post=25915"},{"taxonomy":"product_tag","embeddable":true,"href":"https:\/\/grapil.pl\/en\/wp-json\/wp\/v2\/product_tag?post=25915"}],"curies":[{"name":"wp","href":"https:\/\/api.w.org\/{rel}","templated":true}]}}