{"id":25918,"date":"2026-01-09T13:26:30","date_gmt":"2026-01-09T12:26:30","guid":{"rendered":"https:\/\/grapil.pl\/?post_type=product&#038;p=25918"},"modified":"2026-02-17T13:37:59","modified_gmt":"2026-02-17T12:37:59","slug":"spodnie-unisex-na-gumie-szare","status":"publish","type":"product","link":"https:\/\/grapil.pl\/en\/product\/spodnie-unisex-na-gumie-szare\/","title":{"rendered":"Spodnie damskie z gum\u0105 w talii szare"},"content":{"rendered":"<p>Spodnie damskie z gumk\u0105 w pasie. Jest to idealny model dla kobiet, kt\u00f3re lubi\u0105 czu\u0107 si\u0119 komfortowo w spodniach. Dzi\u0119ki gumie w pasie, spodnie nie zsuwaj\u0105 si\u0119, s\u0105 wygodne oraz idealnie\u00a0 dopasowuj\u0105 si\u0119 do sylwetki. Oczywi\u015bcie z przodu posiadaj\u0105 wpuszczane kieszenie, ka\u017cdy z nas lubi kieszenie w spodniach. Nogawki delikatnie zw\u0119\u017cane do do\u0142u.<\/p>\n<p>Zastosowana tkanina, mieszanka bawe\u0142ny z elastanem sprawia, i\u017c spodnie s\u0105 wygodne i bez problemu dopasowuj\u0105 si\u0119 do sylwetki co zwi\u0119ksza komfort pracy.<\/p>","protected":false},"excerpt":{"rendered":"<p>Spodnie damskie z gumk\u0105 w pasie. Jest to idealny model dla kobiet, kt\u00f3re lubi\u0105 czu\u0107 si\u0119 komfortowo w spodniach. Dzi\u0119ki<\/p>","protected":false},"featured_media":25919,"template":"","meta":[],"product_brand":[],"product_cat":[79,154,119,151,106,150],"product_tag":[],"class_list":{"0":"post-25918","1":"product","2":"type-product","3":"status-publish","4":"has-post-thumbnail","6":"product_cat-gastronomia","7":"product_cat-spodnie-kucharskie","8":"product_cat-housekeeping","9":"product_cat-sukienki-i-spodnice-housekeeping-i-uslugi-porzadkowe","10":"product_cat-medycyna-i-kosmetyka","11":"product_cat-spodnie-medyczna-i-kosmetyczna","13":"first","14":"instock","15":"taxable","16":"shipping-taxable","17":"product-type-simple"},"yoast_head":"<!-- This site is optimized with the Yoast SEO plugin v25.3 - https:\/\/yoast.com\/wordpress\/plugins\/seo\/ -->\n<title>Spodnie damskie z gum\u0105 w talii szare - Grapil.pl \u2013 Profesjonalna Odzie\u017c S\u0142u\u017cbowa dla Bran\u017cy Kelnerskiej, HoReCa i Medycyny<\/title>\n<meta name=\"robots\" content=\"index, follow, max-snippet:-1, max-image-preview:large, max-video-preview:-1\" \/>\n<link rel=\"canonical\" href=\"https:\/\/grapil.pl\/en\/product\/spodnie-unisex-na-gumie-szare\/\" \/>\n<meta property=\"og:locale\" content=\"en_GB\" \/>\n<meta property=\"og:type\" content=\"article\" \/>\n<meta property=\"og:title\" content=\"Spodnie damskie z gum\u0105 w talii szare - Grapil.pl \u2013 Profesjonalna Odzie\u017c S\u0142u\u017cbowa dla Bran\u017cy Kelnerskiej, HoReCa i Medycyny\" \/>\n<meta property=\"og:description\" content=\"Spodnie damskie z gumk\u0105 w pasie. Jest to idealny model dla kobiet, kt\u00f3re lubi\u0105 czu\u0107 si\u0119 komfortowo w spodniach. Dzi\u0119ki\" \/>\n<meta property=\"og:url\" content=\"https:\/\/grapil.pl\/en\/product\/spodnie-unisex-na-gumie-szare\/\" \/>\n<meta property=\"og:site_name\" content=\"Grapil.pl \u2013 Profesjonalna Odzie\u017c S\u0142u\u017cbowa dla Bran\u017cy Kelnerskiej, HoReCa i Medycyny\" \/>\n<meta property=\"article:modified_time\" content=\"2026-02-17T12:37:59+00:00\" \/>\n<meta property=\"og:image\" content=\"https:\/\/grapil.pl\/wp-content\/uploads\/2026\/01\/Spodnie-szare-gotowe.jpg\" \/>\n\t<meta property=\"og:image:width\" content=\"600\" \/>\n\t<meta property=\"og:image:height\" content=\"800\" \/>\n\t<meta property=\"og:image:type\" content=\"image\/jpeg\" \/>\n<meta name=\"twitter:card\" content=\"summary_large_image\" \/>\n<meta name=\"twitter:label1\" content=\"Estimated reading time\" \/>\n\t<meta name=\"twitter:data1\" content=\"1 minute\" \/>\n<script type=\"application\/ld+json\" class=\"yoast-schema-graph\">{\"@context\":\"https:\/\/schema.org\",\"@graph\":[{\"@type\":\"WebPage\",\"@id\":\"https:\/\/grapil.pl\/produkt\/spodnie-unisex-na-gumie-szare\/\",\"url\":\"https:\/\/grapil.pl\/produkt\/spodnie-unisex-na-gumie-szare\/\",\"name\":\"Spodnie damskie z gum\u0105 w talii szare - Grapil.pl \u2013 Profesjonalna Odzie\u017c S\u0142u\u017cbowa dla Bran\u017cy Kelnerskiej, HoReCa i Medycyny\",\"isPartOf\":{\"@id\":\"https:\/\/grapil.pl\/#website\"},\"primaryImageOfPage\":{\"@id\":\"https:\/\/grapil.pl\/produkt\/spodnie-unisex-na-gumie-szare\/#primaryimage\"},\"image\":{\"@id\":\"https:\/\/grapil.pl\/produkt\/spodnie-unisex-na-gumie-szare\/#primaryimage\"},\"thumbnailUrl\":\"https:\/\/grapil.pl\/wp-content\/uploads\/2026\/01\/Spodnie-szare-gotowe.jpg\",\"datePublished\":\"2026-01-09T12:26:30+00:00\",\"dateModified\":\"2026-02-17T12:37:59+00:00\",\"breadcrumb\":{\"@id\":\"https:\/\/grapil.pl\/produkt\/spodnie-unisex-na-gumie-szare\/#breadcrumb\"},\"inLanguage\":\"en-GB\",\"potentialAction\":[{\"@type\":\"ReadAction\",\"target\":[\"https:\/\/grapil.pl\/produkt\/spodnie-unisex-na-gumie-szare\/\"]}]},{\"@type\":\"ImageObject\",\"inLanguage\":\"en-GB\",\"@id\":\"https:\/\/grapil.pl\/produkt\/spodnie-unisex-na-gumie-szare\/#primaryimage\",\"url\":\"https:\/\/grapil.pl\/wp-content\/uploads\/2026\/01\/Spodnie-szare-gotowe.jpg\",\"contentUrl\":\"https:\/\/grapil.pl\/wp-content\/uploads\/2026\/01\/Spodnie-szare-gotowe.jpg\",\"width\":600,\"height\":800},{\"@type\":\"BreadcrumbList\",\"@id\":\"https:\/\/grapil.pl\/produkt\/spodnie-unisex-na-gumie-szare\/#breadcrumb\",\"itemListElement\":[{\"@type\":\"ListItem\",\"position\":1,\"name\":\"Strona g\u0142\u00f3wna\",\"item\":\"https:\/\/grapil.pl\/\"},{\"@type\":\"ListItem\",\"position\":2,\"name\":\"sklep\",\"item\":\"https:\/\/grapil.pl\/sklep\/\"},{\"@type\":\"ListItem\",\"position\":3,\"name\":\"Spodnie damskie z gum\u0105 w talii szare\"}]},{\"@type\":\"WebSite\",\"@id\":\"https:\/\/grapil.pl\/#website\",\"url\":\"https:\/\/grapil.pl\/\",\"name\":\"Grapil.pl \u2013 Profesjonalna Odzie\u017c S\u0142u\u017cbowa dla Bran\u017cy Kelnerskiej, HoReCa i Medycyny\",\"description\":\"\",\"potentialAction\":[{\"@type\":\"SearchAction\",\"target\":{\"@type\":\"EntryPoint\",\"urlTemplate\":\"https:\/\/grapil.pl\/?s={search_term_string}\"},\"query-input\":{\"@type\":\"PropertyValueSpecification\",\"valueRequired\":true,\"valueName\":\"search_term_string\"}}],\"inLanguage\":\"en-GB\"}]}<\/script>\n<!-- \/ Yoast SEO plugin. -->","yoast_head_json":{"title":"Spodnie damskie z gum\u0105 w talii szare - Grapil.pl \u2013 Profesjonalna Odzie\u017c S\u0142u\u017cbowa dla Bran\u017cy Kelnerskiej, HoReCa i Medycyny","robots":{"index":"index","follow":"follow","max-snippet":"max-snippet:-1","max-image-preview":"max-image-preview:large","max-video-preview":"max-video-preview:-1"},"canonical":"https:\/\/grapil.pl\/en\/product\/spodnie-unisex-na-gumie-szare\/","og_locale":"en_GB","og_type":"article","og_title":"Spodnie damskie z gum\u0105 w talii szare - Grapil.pl \u2013 Profesjonalna Odzie\u017c S\u0142u\u017cbowa dla Bran\u017cy Kelnerskiej, HoReCa i Medycyny","og_description":"Spodnie damskie z gumk\u0105 w pasie. Jest to idealny model dla kobiet, kt\u00f3re lubi\u0105 czu\u0107 si\u0119 komfortowo w spodniach. Dzi\u0119ki","og_url":"https:\/\/grapil.pl\/en\/product\/spodnie-unisex-na-gumie-szare\/","og_site_name":"Grapil.pl \u2013 Profesjonalna Odzie\u017c S\u0142u\u017cbowa dla Bran\u017cy Kelnerskiej, HoReCa i Medycyny","article_modified_time":"2026-02-17T12:37:59+00:00","og_image":[{"width":600,"height":800,"url":"https:\/\/grapil.pl\/wp-content\/uploads\/2026\/01\/Spodnie-szare-gotowe.jpg","type":"image\/jpeg"}],"twitter_card":"summary_large_image","twitter_misc":{"Estimated reading time":"1 minute"},"schema":{"@context":"https:\/\/schema.org","@graph":[{"@type":"WebPage","@id":"https:\/\/grapil.pl\/produkt\/spodnie-unisex-na-gumie-szare\/","url":"https:\/\/grapil.pl\/produkt\/spodnie-unisex-na-gumie-szare\/","name":"Spodnie damskie z gum\u0105 w talii szare - Grapil.pl \u2013 Profesjonalna Odzie\u017c S\u0142u\u017cbowa dla Bran\u017cy Kelnerskiej, HoReCa i Medycyny","isPartOf":{"@id":"https:\/\/grapil.pl\/#website"},"primaryImageOfPage":{"@id":"https:\/\/grapil.pl\/produkt\/spodnie-unisex-na-gumie-szare\/#primaryimage"},"image":{"@id":"https:\/\/grapil.pl\/produkt\/spodnie-unisex-na-gumie-szare\/#primaryimage"},"thumbnailUrl":"https:\/\/grapil.pl\/wp-content\/uploads\/2026\/01\/Spodnie-szare-gotowe.jpg","datePublished":"2026-01-09T12:26:30+00:00","dateModified":"2026-02-17T12:37:59+00:00","breadcrumb":{"@id":"https:\/\/grapil.pl\/produkt\/spodnie-unisex-na-gumie-szare\/#breadcrumb"},"inLanguage":"en-GB","potentialAction":[{"@type":"ReadAction","target":["https:\/\/grapil.pl\/produkt\/spodnie-unisex-na-gumie-szare\/"]}]},{"@type":"ImageObject","inLanguage":"en-GB","@id":"https:\/\/grapil.pl\/produkt\/spodnie-unisex-na-gumie-szare\/#primaryimage","url":"https:\/\/grapil.pl\/wp-content\/uploads\/2026\/01\/Spodnie-szare-gotowe.jpg","contentUrl":"https:\/\/grapil.pl\/wp-content\/uploads\/2026\/01\/Spodnie-szare-gotowe.jpg","width":600,"height":800},{"@type":"BreadcrumbList","@id":"https:\/\/grapil.pl\/produkt\/spodnie-unisex-na-gumie-szare\/#breadcrumb","itemListElement":[{"@type":"ListItem","position":1,"name":"Strona g\u0142\u00f3wna","item":"https:\/\/grapil.pl\/"},{"@type":"ListItem","position":2,"name":"sklep","item":"https:\/\/grapil.pl\/sklep\/"},{"@type":"ListItem","position":3,"name":"Spodnie damskie z gum\u0105 w talii szare"}]},{"@type":"WebSite","@id":"https:\/\/grapil.pl\/#website","url":"https:\/\/grapil.pl\/","name":"Grapil.pl \u2013 Profesjonalna Odzie\u017c S\u0142u\u017cbowa dla Bran\u017cy Kelnerskiej, HoReCa i Medycyny","description":"","potentialAction":[{"@type":"SearchAction","target":{"@type":"EntryPoint","urlTemplate":"https:\/\/grapil.pl\/?s={search_term_string}"},"query-input":{"@type":"PropertyValueSpecification","valueRequired":true,"valueName":"search_term_string"}}],"inLanguage":"en-GB"}]}},"_links":{"self":[{"href":"https:\/\/grapil.pl\/en\/wp-json\/wp\/v2\/product\/25918","targetHints":{"allow":["GET"]}}],"collection":[{"href":"https:\/\/grapil.pl\/en\/wp-json\/wp\/v2\/product"}],"about":[{"href":"https:\/\/grapil.pl\/en\/wp-json\/wp\/v2\/types\/product"}],"version-history":[{"count":2,"href":"https:\/\/grapil.pl\/en\/wp-json\/wp\/v2\/product\/25918\/revisions"}],"predecessor-version":[{"id":26240,"href":"https:\/\/grapil.pl\/en\/wp-json\/wp\/v2\/product\/25918\/revisions\/26240"}],"wp:featuredmedia":[{"embeddable":true,"href":"https:\/\/grapil.pl\/en\/wp-json\/wp\/v2\/media\/25919"}],"wp:attachment":[{"href":"https:\/\/grapil.pl\/en\/wp-json\/wp\/v2\/media?parent=25918"}],"wp:term":[{"taxonomy":"product_brand","embeddable":true,"href":"https:\/\/grapil.pl\/en\/wp-json\/wp\/v2\/product_brand?post=25918"},{"taxonomy":"product_cat","embeddable":true,"href":"https:\/\/grapil.pl\/en\/wp-json\/wp\/v2\/product_cat?post=25918"},{"taxonomy":"product_tag","embeddable":true,"href":"https:\/\/grapil.pl\/en\/wp-json\/wp\/v2\/product_tag?post=25918"}],"curies":[{"name":"wp","href":"https:\/\/api.w.org\/{rel}","templated":true}]}}